{"id":3287,"date":"2011-10-27T04:20:17","date_gmt":"2011-10-27T13:20:17","guid":{"rendered":"http:\/\/www.tehdasry.fi\/home\/?page_id=3287"},"modified":"2016-02-25T02:20:48","modified_gmt":"2016-02-25T00:20:48","slug":"perfo-klubi","status":"publish","type":"page","link":"https:\/\/tehdasry.fi\/wordpress\/perfo-klubi\/","title":{"rendered":"Perfo klubi"},"content":{"rendered":"<p style=\"text-align: left;\" align=\"center\">INFO<\/p>\n<p style=\"text-align: left;\" align=\"center\"><span style=\"font-family: Arial, Helvetica, sans-serif;\">PERFO!<\/span><span style=\"font-family: Arial, Helvetica, sans-serif;\">on suomalaista ja kansainv\u00e4list\u00e4 performanssi- ja videotaidetta esittelev\u00e4 klubi. PERFO! j\u00e4rjestet\u00e4\u00e4n Kulttuuritalo Telakalla Tampereella 4-5 kertaa vuod<\/span><span style=\"font-family: Arial, Helvetica, sans-serif;\">essa ja joitakin kertoja\u00a0<\/span><span style=\"font-family: Arial, Helvetica, sans-serif;\">vaihtuvissa paikoissa. Ensimm\u00e4ist\u00e4 kertaa PERFO! oli tammikuussa 2007. Tapahtumassa tuodaan esille yht\u00e4l\u00e4isesti sek\u00e4 vakiintuneita ett\u00e4 uusia taiteilijoita ja taiteilijaryhmi\u00e4.<\/span><\/p>\n<p><span style=\"font-family: Arial, Helvetica, sans-serif;\">PERFO!-illat ovat tiistaisin. Performanssien ja taidevideoiden p\u00e4\u00e4asiallisena n\u00e4ytt\u00e4m\u00f6n\u00e4 toimii Telakan toinen kerros. Klubi-illat p\u00e4\u00e4tt\u00e4\u00e4 livemusiikki. Kes\u00e4aikaan esityksi\u00e4 j\u00e4rjestet\u00e4\u00e4n my\u00f6s Telakan ulkolavalla ja Tullintorilla.\u00a0<\/span><\/p>\n<p><span style=\"font-family: Arial, Helvetica, sans-serif;\">Jos haluat esiintym\u00e4\u00e4n, tai tietoa klubin toiminnasta: Ota yhteytt\u00e4 dada(at)tehdasry.fi<\/span><\/p>\n<p>&nbsp;<\/p>\n<p><span style=\"font-family: Arial, Helvetica, sans-serif; font-size: 16px;\">Lue: <a class=\"ui-editor-link-external\" href=\"\/home\/perfoilua\/\">Perfoilua Telakalla jo vuodesta 2007<\/a><\/span><\/p>\n<p>Check: <a href=\"https:\/\/www.facebook.com\/perfoklubi?fref=ts\" target=\"_blank\">Perfo!Klubi Facebook<\/a><\/p>\n<p><span style=\"font-size: 18px;\"><strong>\u00a0<\/strong><\/span><\/p>\n","protected":false},"excerpt":{"rendered":"<p>INFO PERFO!on suomalaista ja kansainv\u00e4list\u00e4 performanssi- ja videotaidetta esittelev\u00e4 klubi. PERFO! j\u00e4rjestet\u00e4\u00e4n Kulttuuritalo Telakalla Tampereella 4-5 kertaa vuodessa ja joitakin kertoja\u00a0vaihtuvissa paikoissa. Ensimm\u00e4ist\u00e4 kertaa PERFO! oli tammikuussa 2007. Tapahtumassa tuodaan &hellip;<\/p>\n","protected":false},"author":1,"featured_media":0,"parent":0,"menu_order":0,"comment_status":"closed","ping_status":"closed","template":"","meta":{"footnotes":""},"class_list":["post-3287","page","type-page","status-publish","hentry"],"_links":{"self":[{"href":"https:\/\/tehdasry.fi\/wordpress\/wp-json\/wp\/v2\/pages\/3287","targetHints":{"allow":["GET"]}}],"collection":[{"href":"https:\/\/tehdasry.fi\/wordpress\/wp-json\/wp\/v2\/pages"}],"about":[{"href":"https:\/\/tehdasry.fi\/wordpress\/wp-json\/wp\/v2\/types\/page"}],"author":[{"embeddable":true,"href":"https:\/\/tehdasry.fi\/wordpress\/wp-json\/wp\/v2\/users\/1"}],"replies":[{"embeddable":true,"href":"https:\/\/tehdasry.fi\/wordpress\/wp-json\/wp\/v2\/comments?post=3287"}],"version-history":[{"count":2,"href":"https:\/\/tehdasry.fi\/wordpress\/wp-json\/wp\/v2\/pages\/3287\/revisions"}],"predecessor-version":[{"id":139445,"href":"https:\/\/tehdasry.fi\/wordpress\/wp-json\/wp\/v2\/pages\/3287\/revisions\/139445"}],"wp:attachment":[{"href":"https:\/\/tehdasry.fi\/wordpress\/wp-json\/wp\/v2\/media?parent=3287"}],"curies":[{"name":"wp","href":"https:\/\/api.w.org\/{rel}","templated":true}]}}