{"id":1610,"date":"2011-10-12T02:08:33","date_gmt":"2011-10-11T23:08:33","guid":{"rendered":"http:\/\/www.tehdasry.fi\/home\/?page_id=1610"},"modified":"2025-03-17T00:22:52","modified_gmt":"2025-03-16T22:22:52","slug":"project-radioasema","status":"publish","type":"page","link":"https:\/\/tehdasry.fi\/wordpress\/project-radioasema\/","title":{"rendered":"Project Radioasema"},"content":{"rendered":"\n<figure class=\"wp-block-image size-medium is-resized\"><img loading=\"lazy\" decoding=\"async\" width=\"300\" height=\"200\" src=\"https:\/\/tehdasry.fi\/wordpress\/wp-content\/uploads\/2019\/03\/IMG_1094-300x200.jpg\" alt=\"\" class=\"wp-image-140609\" style=\"width:617px;height:auto\" srcset=\"https:\/\/tehdasry.fi\/wordpress\/wp-content\/uploads\/2019\/03\/IMG_1094-300x200.jpg 300w, https:\/\/tehdasry.fi\/wordpress\/wp-content\/uploads\/2019\/03\/IMG_1094.jpg 1000w\" sizes=\"auto, (max-width: 300px) 100vw, 300px\" \/><\/figure>\n\n\n\n<div style=\"height:38px\" aria-hidden=\"true\" class=\"wp-block-spacer\"><\/div>\n\n\n\n<p><strong><em>T.E.H.D.A.S. ry, Radioasema ja Veistospuisto<\/em><\/strong><\/p>\n\n\n\n<p style=\"font-size:14px\">T.E.H.D.A.S. ry:n toiminta keskittyy Porissa V\u00e4in\u00f6l\u00e4n Radioaseman ja Veistospuiston<br>kulttuuritoiminnan yll\u00e4pitoon ja kehitt\u00e4miseen. Veistospuisto on vuonna 2011 aloitettu, jatkuva projekti, jota T.E.H.D.A.S. ry kehitt\u00e4\u00e4 yhteisty\u00f6ss\u00e4 Porin kaupungin, alueella vaikuttavien muiden kulttuuritoimijoiden sek\u00e4 paikallisyhteis\u00f6jen kanssa. Koiviston ulkoilupuisto, josta Veistospuisto kattaa osan, ymp\u00e4r\u00f6i alunperin vuoden 1940 Helsingin kes\u00e4olympialaisia varten rakennettua lyhytaaltoasemaa, joka kuitenkin vihittiin k\u00e4ytt\u00f6\u00f6n vasta toisen maailmansodan j\u00e4lkeen vuonna 1948. T.E.H.D.A.S. ry:n k\u00e4yt\u00f6ss\u00e4 olevat tilat ja ymp\u00e4r\u00f6iv\u00e4 puisto tarjoavat hyv\u00e4t mahdollisuudet kehitt\u00e4\u00e4 kest\u00e4v\u00e4\u00e4 ja helposti l\u00e4hestytt\u00e4v\u00e4\u00e4 kulttuuritarjontaa my\u00f6s kaupunkikeskustan ulkopuolella.<\/p>\n\n\n\n<p style=\"font-size:14px\">T.E.H.D.A.S. Veistospuisto haastaa julkisen veistotaiteen monumentaalisuuden, pysyvyyden ja samalla perinteisen k\u00e4sityksen veistospuistoista. El\u00e4v\u00e4 tapahtumatoiminta avaa toimintaa laajeneville yleis\u00f6ille ja madaltaa kynnyst\u00e4 osallistua. Lis\u00e4tty todellisuus yhdist\u00e4\u00e4 ymp\u00e4rist\u00f6- ja veistotaiteeseen paikkasidonnaisia digitaalisia sis\u00e4lt\u00f6j\u00e4.<\/p>\n\n\n\n<p style=\"font-size:14px\">T.E.H.D.A.S. ry:n perustoiminta pyrkii mahdollistamaan jatkuvuuden ja kehitt\u00e4m\u00e4\u00e4n Radioasemaa ja Veistospuistoa toimintaymp\u00e4rist\u00f6in\u00e4. T.E.H.D.A.S. ry ei yll\u00e4pid\u00e4 Radioaseman projektitilaa vain omaa toimintaansa varten. Radioaseman toiminnan kannalta keskeiset menoer\u00e4t liittyv\u00e4t laitteiden huoltoon, aseman projektitilan kunnostukseen ja yll\u00e4pitoon, Veistospuiston teosten huoltoon, v\u00e4ltt\u00e4m\u00e4tt\u00f6miin materiaalihankintoihin ja logistiikkaan. Yhdistyksen perustoimintaan kuuluu my\u00f6s digitaalisen ymp\u00e4rist\u00f6n kehitt\u00e4minen.<\/p>\n\n\n\n<p style=\"font-size:14px\">T.E.H.D.A.S. ry:n omana tuotantona toteutuvat 2021 vuosittainen kes\u00e4n\u00e4yttely<br>oheistapahtumineen. Ohjelmisto tarjoaa lis\u00e4ksi musiikkitapahtumia, keskustelutilaisuuksia, ty\u00f6pajoja ja yhteis\u00f6llisi\u00e4 projekteja, joiden tuotanto tapahtuu yhteisty\u00f6ss\u00e4 muiden toimijoiden kanssa.<\/p>\n\n\n\n<figure class=\"wp-block-image size-full\"><img loading=\"lazy\" decoding=\"async\" width=\"468\" height=\"312\" src=\"https:\/\/tehdasry.fi\/wordpress\/wp-content\/uploads\/2022\/07\/bfa6cc819e39a6a861a0c1cc05131bae.jpg\" alt=\"\" class=\"wp-image-141419\" srcset=\"https:\/\/tehdasry.fi\/wordpress\/wp-content\/uploads\/2022\/07\/bfa6cc819e39a6a861a0c1cc05131bae.jpg 468w, https:\/\/tehdasry.fi\/wordpress\/wp-content\/uploads\/2022\/07\/bfa6cc819e39a6a861a0c1cc05131bae-300x200.jpg 300w, https:\/\/tehdasry.fi\/wordpress\/wp-content\/uploads\/2022\/07\/bfa6cc819e39a6a861a0c1cc05131bae-391x260.jpg 391w, https:\/\/tehdasry.fi\/wordpress\/wp-content\/uploads\/2022\/07\/bfa6cc819e39a6a861a0c1cc05131bae-450x300.jpg 450w\" sizes=\"auto, (max-width: 468px) 100vw, 468px\" \/><\/figure>\n\n\n\n<p><br><strong><em>Radioaseman tilojen laajentaminen ja kehitt\u00e4minen<\/em><\/strong><\/p>\n\n\n\n<p style=\"font-size:14px\">Radioaseman tulevalla k\u00e4yt\u00f6ll\u00e4 on suuri merkitys Koiviston ulkoilupuistolle ja koko alueelle. Radioaseman ja Veistospuiston merkitys tunnistetaan pito- ja vetovoimatekij\u00f6in\u00e4 It\u00e4-Porin l\u00e4hi\u00f6alueella. Taiteen ja kulttuurin merkitys alueiden elinvoimaisuuden kannalta ymm\u00e4rret\u00e4\u00e4n niin asukasyhteis\u00f6n kuin hallinnonkin tasolla. Kunnianhimoisesta kansainv\u00e4lisyydest\u00e4\u00e4n huolimatta, T.E.H.D.A.S. ry:n toiminnan arvo realisoituu covid-pandemian esiinnostattamassa tarpeessa turvata paikallinen kulttuuritarjonta. Radioasema tulee saada kokonaisuudessaan yleis\u00f6lle avoimeen kulttuurik\u00e4ytt\u00f6\u00f6n, mik\u00e4 tapahtuu suunnitelmien mukaan vuodenaihteessa 2021. Rakennushistoriallisesti arvokas ymp\u00e4rist\u00f6 on paikallisidentiteettien kannalta keskeinen, se sijaitsee v\u00e4kirikkaiden Sampolan ja V\u00e4in\u00f6l\u00e4n kerrostaloalueiden v\u00e4liss\u00e4. Radioasemaa ymp\u00e4r\u00f6iv\u00e4 ulkoilualue tuo yhteen, pikemmin kuin erottaa asuinalueita. Laajasti ymm\u00e4rrettyn\u00e4 alueen virkistysk\u00e4ytt\u00f6 yhdist\u00e4\u00e4 kulttuuritarjonnan, liikuntamahdollisuudet ja luontoarvot.<\/p>\n\n\n\n<p style=\"font-size:14px\">Vaikka T.E.H.D.A.S. ry:n n\u00e4yttelytoiminnassa pyrit\u00e4\u00e4nkin jatkuvasti laajentamaan yleis\u00f6pohjaa, nojaa se vahvasti paikallisuuteen. Radioasemaa tarvitaan It\u00e4-Porin omana kulttuuri- ja toimintakeskuksena. Arvokas rakennus ansaitsee olla mahdollisimman laajasti yleis\u00f6lle avoinna ja k\u00e4ytett\u00e4viss\u00e4 monimuotoiseen toimintaan. N\u00e4yttelyiden ohella ty\u00f6paja- ja tapahtumatoiminta avaa uusia yleis\u00f6rajapintoja ja yhteis\u00f6llisyyden muotoja. T.E.H.D.A.S. on toiminut alueella vuodesta2011 ja on, yhdess\u00e4 verkostojensa kanssa, kartuttanut kokemustaan tilojen koordinoimisen ja sis\u00e4ll\u00f6ntuotannon parissa.<\/p>\n\n\n\n<p style=\"font-size:14px\">Rakennuksen tulevia uusia k\u00e4ytt\u00f6mahdollisuuksia ajatellen, t\u00e4rkeimm\u00e4t mahdollisuudet tarjoaa rakennuksen l\u00e4nsip\u00e4\u00e4ss\u00e4 sijaitseva kahden kerroksen korkuinen tila, jossa on parvitaso ja ullakkovarasto. Katutasossa tilaan liittyy matalampi, avoin tila pohjoissein\u00e4n puolella, sek\u00e4 kaksi erillist\u00e4 ty\u00f6- tai varastotilaksi soveltuvaa huonetta. L\u00e4nsip\u00e4\u00e4dyss\u00e4 tila avautuu suoraan ulos isoista ovista, jotka mahdollistavat tilan muuntamisen helposti esteett\u00f6m\u00e4ksi. N\u00e4yttely- ja yhteis\u00f6tilaksi se sopii erinomaisesti ja samalla vapauttaa nykyisen projektitilan puhtaammin tapahtumien k\u00e4ytt\u00f6\u00f6n. Veistospuiston ja kes\u00e4n\u00e4yttelyiden n\u00e4k\u00f6kulmasta uusi tila mahdollistaa yleis\u00f6n paremman huomioimisen. N\u00e4yttelyosuuden lis\u00e4ksi, tilaan voidaan sijoittaa vierailukeskus tarvittavine info- ja kahvilapalveluineen.<\/p>\n\n\n\n<p style=\"font-size:14px\">Radioasemasta on muodostumassa kokonaisvaltainen l\u00e4hi\u00f6kulttuurikeskus. Rakennuksen l\u00e4nsip\u00e4\u00e4h\u00e4n laajentuva tila voi toimia n\u00e4yttelyiden ja tapahtumien lis\u00e4ksi my\u00f6s ty\u00f6salina, jossa on mahdollista j\u00e4rjest\u00e4\u00e4 ty\u00f6pajoja ja muuta harrastetoimintaa. T\u00e4ll\u00e4 hetkell\u00e4 k\u00e4yt\u00f6ss\u00e4 oleva projektitila toimii monitoimitilana niin erilaisille esityksille ja n\u00e4yt\u00f6ksille kuin kokouksille, juhlille ja musiikkitapahtumillekin. T.E.H.D.A.S. ry:n toiminnan lis\u00e4ksi rakennuksessa on useita harjoitustiloja yhtyeille. Yhdistyksen toiminnan tarkoitukseen ja filosofiaan kuuluu kulttuurin ja taiteen kokonaisvaltainen edist\u00e4minen synnytt\u00e4m\u00e4ll\u00e4 ja jakamalla resursseja. Varsinaisen oman toiminnan rinnalla, olemme aina pyrkineet my\u00f6s tarjoamaan toimintamahdollisuuksia muille toimijoille. T.E.H.D.A.S. on investoinut \u00e4\u00e4ni- ja esitystekniikkaan sek\u00e4 hankkinut suuren juhlateltan, mik\u00e4 mahdollistaa laadukkaiden esitysten ja tapahtumien j\u00e4rjest\u00e4misen niin sis\u00e4- kuin ulkotilassakin. Radioasema ymp\u00e4rist\u00f6ineen palvelee koko aluetta ja paikallisyhteis\u00f6j\u00e4 kooten yhteen erilaisia toimijoita ja toimintakulttuureja. T.E.H.D.A.S. on mahdollistaja ja radioasemaprojekti on jatkuva hanke. Toiminta on joustavaa ja avointa uusille yhteisty\u00f6n muodoille, ajatuksille ja toiminnoille, jotka etsiv\u00e4t itselleen toteutuspaikkaa.<\/p>\n\n\n\n<div style=\"height:36px\" aria-hidden=\"true\" class=\"wp-block-spacer\"><\/div>\n\n\n\n<h2 class=\"wp-block-heading has-headings-color has-text-color has-link-color has-normal-font-size wp-elements-35b9b85bc0ed69e6c8bb6a6df7c5abd3\"><span style=\"color: #ff0000;\">RADIOASEMA &#8211; VARAUKSET<\/span><\/h2>\n\n\n\n<p><iframe loading=\"lazy\" style=\"border-width: 0;\" src=\"https:\/\/calendar.google.com\/calendar\/b\/1\/embed?showTitle=0&amp;showPrint=0&amp;height=300&amp;wkst=1&amp;bgcolor=%23ffffff&amp;src=melsji7vvto3tukg3b3a4clobg%40group.calendar.google.com&amp;color=%2323164E&amp;ctz=Europe%2FHelsinki\" width=\"800\" height=\"300\" frameborder=\"0\" scrolling=\"no\"><\/iframe><\/p>\n\n\n\n<div style=\"height:30px\" aria-hidden=\"true\" class=\"wp-block-spacer\"><\/div>\n\n\n\n<p><strong>Mik\u00e4 on Porin Lyhytaaltoasema?<\/strong><\/p>\n\n\n\n<p style=\"font-size:14px\">It\u00e4-Porin V\u00e4in\u00f6l\u00e4ss\u00e4 sijaitseva lyhytaaltoasema rakennettiin Yleisradion ulkomaille suunnattujen radio-ohjelmien l\u00e4hett\u00e4misest\u00e4 varten vuonna 1939-1940 ja sen toiminta p\u00e4\u00e4ttyi vuonna 1987. Ohjelmien sis\u00e4lt\u00f6 tuotettiin valtaosin Helsingiss\u00e4, josta se toimitettiin puhelinlankoja pitkin tai fyysisin\u00e4 tallenteina maanteitse Poriin. Vuosien mittaan Porissa my\u00f6s tuotettiin joitain ohjelmia, mutta suurimmaksi osin asemarakennus toimi ainoastaan teknisen\u00e4 l\u00e4hettimen\u00e4.<\/p>\n\n\n\n<p style=\"font-size:14px\">Porin valikoitumiseen l\u00e4hettimen sijoituspaikaksi vaikuttivat muunmuassa lyhytaaltojen k\u00e4ytt\u00e4ytymiseen, energian saantiin ja maanpuolustukseen liittyv\u00e4t tekij\u00e4t. Esimerkiksi alueen tasainen ja savinen maaper\u00e4 sek\u00e4 meren l\u00e4heisyys palvelevat hyvin lyhytaaltojen heijastusvaikutuksia. Energian saannin osalta keskeist\u00e4 oli Harjavallan vesivoimalaitos, joka valmistui 1930-luvun lopulla samanaikaisesti lyhytaaltoaseman ja viereisen Outokummun kuparivalssilaitoksen kanssa.<\/p>\n\n\n\n<p style=\"font-size:14px\">Lyhytaalloilla, jotka 1930-luvulla olivat tekniikan h\u00e4mm\u00e4stytt\u00e4v\u00e4 uutuus, oli \u2013 ja on edelleen \u2013 t\u00e4rke\u00e4 rooli kriisitilanteissa, sill\u00e4 niiden avulla voidaan v\u00e4litt\u00e4\u00e4 viesti\u00e4 k\u00e4yt\u00e4nn\u00f6ss\u00e4 koko maapallolle ilman v\u00e4lik\u00e4si\u00e4 tai muuta tekniikkaa kuin lyhytaaltovastaanotin, niin sanottu maailmanradio.<\/p>\n\n\n\n<div style=\"height:36px\" aria-hidden=\"true\" class=\"wp-block-spacer\"><\/div>\n\n\n\n<p><strong>Katso lis\u00e4\u00e4:<\/strong><\/p>\n\n\n\n<p><a href=\"https:\/\/yle.fi\/aihe\/artikkeli\/2013\/02\/01\/porin-lyhytaaltoasema-valitti-ohjelmat-maailmalle-seka-porilaisten-uuneihin\">Yle Areena<\/a><\/p>\n\n\n\n<p><a href=\"http:\/\/porinlyhytaaltoasema.fi\/\">Raimo M\u00e4kel\u00e4n blogi<\/a><\/p>\n\n\n\n<p><a href=\"http:\/\/www.ulkomaanmedia.net\/PorinvanhaLAasema.html\">Juhani Niinist\u00f6n blogi<\/a><\/p>\n\n\n\n<p><a href=\"https:\/\/fi.wikipedia.org\/wiki\/Porin_lyhytaaltoasema\">Wikipedia<\/a><\/p>\n","protected":false},"excerpt":{"rendered":"<p>T.E.H.D.A.S. ry, Radioasema ja Veistospuisto T.E.H.D.A.S. ry:n toiminta keskittyy Porissa V\u00e4in\u00f6l\u00e4n Radioaseman ja Veistospuistonkulttuuritoiminnan yll\u00e4pitoon ja kehitt\u00e4miseen. Veistospuisto on vuonna 2011 aloitettu, jatkuva projekti, jota T.E.H.D.A.S. ry kehitt\u00e4\u00e4 yhteisty\u00f6ss\u00e4 Porin &hellip;<\/p>\n","protected":false},"author":1,"featured_media":142034,"parent":0,"menu_order":0,"comment_status":"closed","ping_status":"closed","template":"","meta":{"footnotes":""},"class_list":["post-1610","page","type-page","status-publish","has-post-thumbnail","hentry"],"_links":{"self":[{"href":"https:\/\/tehdasry.fi\/wordpress\/wp-json\/wp\/v2\/pages\/1610","targetHints":{"allow":["GET"]}}],"collection":[{"href":"https:\/\/tehdasry.fi\/wordpress\/wp-json\/wp\/v2\/pages"}],"about":[{"href":"https:\/\/tehdasry.fi\/wordpress\/wp-json\/wp\/v2\/types\/page"}],"author":[{"embeddable":true,"href":"https:\/\/tehdasry.fi\/wordpress\/wp-json\/wp\/v2\/users\/1"}],"replies":[{"embeddable":true,"href":"https:\/\/tehdasry.fi\/wordpress\/wp-json\/wp\/v2\/comments?post=1610"}],"version-history":[{"count":62,"href":"https:\/\/tehdasry.fi\/wordpress\/wp-json\/wp\/v2\/pages\/1610\/revisions"}],"predecessor-version":[{"id":142001,"href":"https:\/\/tehdasry.fi\/wordpress\/wp-json\/wp\/v2\/pages\/1610\/revisions\/142001"}],"wp:featuredmedia":[{"embeddable":true,"href":"https:\/\/tehdasry.fi\/wordpress\/wp-json\/wp\/v2\/media\/142034"}],"wp:attachment":[{"href":"https:\/\/tehdasry.fi\/wordpress\/wp-json\/wp\/v2\/media?parent=1610"}],"curies":[{"name":"wp","href":"https:\/\/api.w.org\/{rel}","templated":true}]}}