{"id":1437,"date":"2011-10-09T22:58:54","date_gmt":"2011-10-09T19:58:54","guid":{"rendered":"http:\/\/www.tehdasry.fi\/home\/?page_id=1437"},"modified":"2016-02-25T14:37:27","modified_gmt":"2016-02-25T12:37:27","slug":"performanssi","status":"publish","type":"page","link":"https:\/\/tehdasry.fi\/wordpress\/performanssi\/","title":{"rendered":"Performassi-ja tapahtumat"},"content":{"rendered":"<div>&#8220;Performanssi-sana yleistyi Suomessa 1980-luvulla, jolloin se korvasi aikaisemmin k\u00e4ytetyn happeningin. Performanssi on sek\u00e4 taiteenala ett\u00e4 er\u00e4s esityskeino, kuten videotaide tai installaatio. Performanssilla voidaan viitata my\u00f6s mihin tahansa esitykseen.&#8221;<\/div>\n<h5><\/h5>\n<div>\n<hr \/>\n<\/div>\n<div><span style=\"color: #000000;\">\u00a0<strong>\u201d<span style=\"font-size: medium;\"><span lang=\"en-US\">ABYSS -Just Below THE Surface<\/span><\/span><span style=\"font-size: medium;\"><span lang=\"en-US\">\u201d<\/span><\/span><\/strong><\/span><\/div>\n<p>&nbsp;<\/p>\n<div>El\u00e4v\u00e4\u00e4 taidetta ja \u00e4\u00e4nt\u00e4 Porin lyhytaaltoasemalla <strong>Perjantaina 20.5.2016.<\/strong>Tapahtuma on osa viiden tapahtuman ABYSS\/KUILU- sarjaa, jotka toteutuvat <strong>13. \u2013 21.5.2016<\/strong> Kiasma Teatterissa ja Kaapelitehtaalla Helsingiss\u00e4, Telakalla Tampereella ja Porin taidemuseossa, sek\u00e4 Porin lyhytaaltoasemalla.J\u00e4rjest\u00e4jin\u00e4 toimivat T.E.H.D.A.S. ja L\u00e0-Bas<span style=\"font-size: small;\">. <\/span>Tapahtuma on my\u00f6s jatkumoa vuosina 2005 &#8211; 2015 Porissa j\u00e4rjestetyille kansainv\u00e4lisille PERF \u2013festivaaleille.<\/div>\n<div><\/div>\n<p>&nbsp;<\/p>\n<div><span style=\"color: #444444;\">\u201d<i>KUILU on yht\u00e4 kuin merkin, merkitsij\u00e4n ja merkityn v\u00e4listen suhteiden<br \/>\nkatkeminen; se, ettei ilmiasujen takana ole mit\u00e4\u00e4n; ett\u00e4<br \/>\npost-subjektit leijuvat onnellisina (huom!) vapaasti vailla mit\u00e4\u00e4n<br \/>\nminne kiinnitty\u00e4; ett\u00e4 kommunikaation ekstaasi kiihtyy; ett\u00e4 samalla<br \/>\nsosiaalinen media tekee lopun sosiaalisuudesta; ett\u00e4 taide tahtoo<br \/>\njatkuvasti mit\u00e4t\u00f6id\u00e4 itsens\u00e4; ett\u00e4 samaan aikaan virtuaalinen talous<br \/>\nuhkaa romahtaa reaaliseen; ett\u00e4 lis\u00e4ksi nyt koko ajan konkreettisesti<br \/>\nmiljoonat ja taas miljoonat ihmiset revit\u00e4\u00e4n juuriltaan niin kuin nykyinen\u00a0<\/i><\/span><i>pakolaiskriisi vain tekee n\u00e4kyv\u00e4ksi. Nyt vaaditaan kirkasta\u00a0<\/i><i style=\"color: #444444; line-height: 1.5;\">ajattelua, joka tajuaa kuilun olemassaolon, mutta my\u00f6s sen, ettei\u00a0<\/i><i style=\"color: #444444; line-height: 1.5;\">kuilussa-oleminen ole mink\u00e4\u00e4n historiallisen vaiheen kohtalo vaan\u00a0<\/i><i style=\"color: #444444; line-height: 1.5;\">harha, jonka tuolle puolen voi koska tahansa astua.\u201d<\/i><\/div>\n<div><\/div>\n<div>\n<hr \/>\n<\/div>\n<div><span style=\"color: #000000;\"><strong>Perfo klubi<\/strong><\/span><\/div>\n<div>\n&nbsp;<\/p>\n<p style=\"text-align: left;\" align=\"center\">PERFO!on suomalaista ja kansainv\u00e4list\u00e4 performanssi- ja videotaidetta esittelev\u00e4 klubi. PERFO! j\u00e4rjestet\u00e4\u00e4n Kulttuuritalo Telakalla Tampereella 4-5 kertaa vuodessa ja joitakin kertoja\u00a0vaihtuvissa paikoissa. Ensimm\u00e4ist\u00e4 kertaa PERFO! oli tammikuussa 2007. Tapahtumassa tuodaan esille yht\u00e4l\u00e4isesti sek\u00e4 vakiintuneita ett\u00e4 uusia taiteilijoita ja taiteilijaryhmi\u00e4.<\/p>\n<p style=\"text-align: left;\">PERFO!-illat ovat tiistaisin. Performanssien ja taidevideoiden p\u00e4\u00e4asiallisena n\u00e4ytt\u00e4m\u00f6n\u00e4 toimii Telakan toinen kerros. Klubi-illat p\u00e4\u00e4tt\u00e4\u00e4 livemusiikki. Kes\u00e4aikaan esityksi\u00e4 j\u00e4rjestet\u00e4\u00e4n my\u00f6s Telakan ulkolavalla ja Tullintorilla.<\/p>\n<p>Videot:\u00a0T.E.H.D.A.S. arkistossa:\u00a0<span style=\"color: #ff9900;\"><a style=\"color: #ff9900;\" href=\"http:\/\/www.tehdasry.fi\/dark\/\" target=\"_blank\">D-ARK<\/a><\/span><\/p>\n<p>Lue: <span style=\"color: #ff9900;\"><a class=\"ui-editor-link-external\" style=\"color: #ff9900;\" href=\"http:\/\/tehdasry.fi\/home\/perfoilua\/\">Perfoilua Telakalla jo vuodesta 2007<\/a><\/span><\/p>\n<p>Check: <span style=\"color: #ff9900;\"><a style=\"color: #ff9900;\" href=\"https:\/\/www.facebook.com\/perfoklubi?fref=ts\">Perfo!Klubi Facebook<\/a><\/span><\/p>\n<\/div>\n<p>&nbsp;<\/p>\n<p><span style=\"text-decoration: underline;\">Perfo, 22.10.2014 &#8211; Kuvat<\/span><\/p>\n<p>Live &amp; Dead Art, T.E.H.D.A.S. &#8211; Taidemuseo, Pori<\/p>\n<p>[huge_it_gallery id=&#8221;3&#8243;]<\/p>\n<div>\n<div>\n<hr \/>\n<p><span style=\"color: #000000;\"><strong>Perf festivaali<\/strong><\/span><\/p>\n<\/div>\n<div>T.E.H.D.A.S ry:n toiminnan vuosittainen huippukohta on Perf-performanssitapahtuman j\u00e4rjest\u00e4minen. Perf-performanssifestivaali j\u00e4rjestettiin ensimm\u00e4ist\u00e4 kertaa galleria 3h+K:ssa 2005 vuonna.<\/div>\n<\/div>\n<p>Perf-tapahtuma on kansainv\u00e4linen performanssitapahtuma joka on kasvattanut itsest\u00e4\u00e4n valtakunnallisesti tunnetun festivaalin.<\/p>\n<p><span style=\"color: #000000;\">Videot:\u00a0T.E.H.D.A.S. arkistossa:<\/span>\u00a0<span style=\"color: #ff9900;\"><a style=\"color: #ff9900;\" href=\"http:\/\/www.tehdasry.fi\/dark\/\" target=\"_blank\">D-ARK<\/a><\/span><\/p>\n<p><span style=\"font-size: 18px; color: #000000;\">Mustekala blogista:\u00a0<\/span><span style=\"color: #ff9900;\"><a style=\"color: #ff9900;\" href=\"http:\/\/www.mustekala.info\/node\/2258\">VAARANTUNNE GALLERIASSA \u2013 PERF11-FESTIVAALI PORISSA<\/a><\/span><\/p>\n<p>&nbsp;<\/p>\n<div><span style=\"text-decoration: underline;\">PERF15 &#8211; Kuvat<\/span><\/div>\n<p>&nbsp;<\/p>\n<div><\/div>\n<div>Porin lyhyaaltoasema,\u00a015.5.2015.<\/div>\n<div>T.E.H.D.A.S. \u2013kollektiivin performanssi \u2013ja esitystaiteeseen keskittynyt tapahtuma j\u00e4rjestetiin\u00a02015 jo yhdett\u00e4toista kertaa. Porin kulttuurin superviikonloppua t\u00e4ydent\u00e4v\u00e4 kokonaisuus oli\u00a0 toteutettu yhdess\u00e4 helsinkil\u00e4isen L\u00e1 Bas \u2013organisaation kanssa.<\/div>\n<div><\/div>\n<p>&nbsp;<\/p>\n<div>[huge_it_gallery id=&#8221;2&#8243;]<\/div>\n<p>&nbsp;<\/p>\n<p>&nbsp;<\/p>\n<p>&nbsp;<\/p>\n<div id=\"Widgets_on_Pages_1\" class=\"widgets_on_page\"><\/div>\n<p><!-- widgets_on_page --><\/p>\n","protected":false},"excerpt":{"rendered":"<p>&#8220;Performanssi-sana yleistyi Suomessa 1980-luvulla, jolloin se korvasi aikaisemmin k\u00e4ytetyn happeningin. Performanssi on sek\u00e4 taiteenala ett\u00e4 er\u00e4s esityskeino, kuten videotaide tai installaatio. Performanssilla voidaan viitata my\u00f6s mihin tahansa esitykseen.&#8221; \u00a0\u201dABYSS -Just &hellip;<\/p>\n","protected":false},"author":1,"featured_media":0,"parent":0,"menu_order":0,"comment_status":"closed","ping_status":"closed","template":"","meta":{"footnotes":""},"class_list":["post-1437","page","type-page","status-publish","hentry"],"_links":{"self":[{"href":"https:\/\/tehdasry.fi\/wordpress\/wp-json\/wp\/v2\/pages\/1437","targetHints":{"allow":["GET"]}}],"collection":[{"href":"https:\/\/tehdasry.fi\/wordpress\/wp-json\/wp\/v2\/pages"}],"about":[{"href":"https:\/\/tehdasry.fi\/wordpress\/wp-json\/wp\/v2\/types\/page"}],"author":[{"embeddable":true,"href":"https:\/\/tehdasry.fi\/wordpress\/wp-json\/wp\/v2\/users\/1"}],"replies":[{"embeddable":true,"href":"https:\/\/tehdasry.fi\/wordpress\/wp-json\/wp\/v2\/comments?post=1437"}],"version-history":[{"count":41,"href":"https:\/\/tehdasry.fi\/wordpress\/wp-json\/wp\/v2\/pages\/1437\/revisions"}],"predecessor-version":[{"id":139500,"href":"https:\/\/tehdasry.fi\/wordpress\/wp-json\/wp\/v2\/pages\/1437\/revisions\/139500"}],"wp:attachment":[{"href":"https:\/\/tehdasry.fi\/wordpress\/wp-json\/wp\/v2\/media?parent=1437"}],"curies":[{"name":"wp","href":"https:\/\/api.w.org\/{rel}","templated":true}]}}