{"id":141885,"date":"2025-03-15T22:35:56","date_gmt":"2025-03-15T20:35:56","guid":{"rendered":"https:\/\/tehdasry.fi\/wordpress\/?page_id=141885"},"modified":"2025-03-23T03:01:02","modified_gmt":"2025-03-23T01:01:02","slug":"d-ark","status":"publish","type":"page","link":"https:\/\/tehdasry.fi\/wordpress\/d-ark\/","title":{"rendered":"D-Ark"},"content":{"rendered":"\n<figure class=\"wp-block-image size-full\"><img loading=\"lazy\" decoding=\"async\" width=\"500\" height=\"300\" src=\"https:\/\/tehdasry.fi\/wordpress\/wp-content\/uploads\/2016\/02\/dark-etu.jpg\" alt=\"\" class=\"wp-image-139441\" srcset=\"https:\/\/tehdasry.fi\/wordpress\/wp-content\/uploads\/2016\/02\/dark-etu.jpg 500w, https:\/\/tehdasry.fi\/wordpress\/wp-content\/uploads\/2016\/02\/dark-etu-300x180.jpg 300w\" sizes=\"auto, (max-width: 500px) 100vw, 500px\" \/><\/figure>\n\n\n\n<div style=\"height:36px\" aria-hidden=\"true\" class=\"wp-block-spacer\"><\/div>\n\n\n\n<p><strong>D-ARK<\/strong><\/p>\n\n\n\n<p>T.E.H.D.A.S. ry:n videoarkisto on karttunut vuodesta 2005 l\u00e4htien. Arkistoon on tallennettu dokumentaatiota kotimaisten ja ulkomaisten taiteilijoiden performansseista. Ne on kuvattu taiteilijaseuran j\u00e4rjest\u00e4miss\u00e4 tapahtumissa, p\u00e4\u00e4osin Perf -festivaalilla Porissa ja Perfo -klubilla Tampereella. T.E.H.D.A.S. ry:n ja Porin taidemuseon yhteisty\u00f6hanke arkistointik\u00e4yt\u00e4nt\u00f6jen kehitt\u00e4miseksi k\u00e4ynnistyi vuonna 2012. Kehitysty\u00f6n tuloksena on syntynyt performanssitaltiointien arkisto D-ark. <\/p>\n\n\n\n<p><strong>In English<\/strong><\/p>\n\n\n\n<p>D-ark (digital performance art archive) is based on a joint effort by the artist community T.E.H.D.A.S., which has created the archive, and Pori Art Museum, which is committed to preserving the archive for the future if the artist association were to be dissolved in the future. This guide explains the concept of D-ark and its metadata schema. It also addresses questions concerning performance art documentation, ownership, copyright and digital preservation. T.E.H.D.A.S. has actively organized performance events since 2005 and have systematically recorded the performances on video. At the moment D-ark holds over 300 video recordings covering a decade of events and festivals organised by T.E.H.D.A.S. <\/p>\n\n\n\n<p>At the moment 61 recordings are published on the internet. The online database for collecting the metadata is available to authorized users. Master files are stored at Pori Art Museum. The museum will preserve the archive and provide it to the national digital long term preservation system. The concept of D-ark includes a modular metadata schema that makes a distinction between descriptive, administrative, and technical metadata. The model is designed to be flexible\u2014new modules of objects or technical metadata can be added in the future, if necessary. D-ark metadata schema deploys the FRBRoo, Premis, VideoMD, and AudioMD standards. Administrative and technical metadata modules abide by Finnish digital preservation specifications.<\/p>\n\n\n\n<div style=\"height:37px\" aria-hidden=\"true\" class=\"wp-block-spacer\"><\/div>\n\n\n\n<p class=\"has-sitebg-color has-accent-1-background-color has-text-color has-background has-link-color wp-elements-9503c0b95ef970fa2fab275817eb8967\"><strong>From the D-Ark archive:<\/strong><\/p>\n\n\n\n<p><strong>T.E.H.D.A.S. Physical Comedy Theater Porin Juhlaviikot 13.12.2013<\/strong><\/p>\n\n\n\n<figure class=\"wp-block-embed is-type-video is-provider-vimeo wp-block-embed-vimeo wp-embed-aspect-16-9 wp-has-aspect-ratio\"><div class=\"wp-block-embed__wrapper\">\n<iframe loading=\"lazy\" title=\"T.E.H.D.A.S. Physical Comedy Theater Porin Juhlaviikot 13.12.2013\" src=\"https:\/\/player.vimeo.com\/video\/819965503?h=cd331110e8&amp;dnt=1&amp;app_id=122963\" width=\"659\" height=\"371\" frameborder=\"0\" allow=\"autoplay; fullscreen; picture-in-picture; clipboard-write; encrypted-media\"><\/iframe>\n<\/div><\/figure>\n","protected":false},"excerpt":{"rendered":"<p>D-ARK T.E.H.D.A.S. ry:n videoarkisto on karttunut vuodesta 2005 l\u00e4htien. Arkistoon on tallennettu dokumentaatiota kotimaisten ja ulkomaisten taiteilijoiden performansseista. Ne on kuvattu taiteilijaseuran j\u00e4rjest\u00e4miss\u00e4 tapahtumissa, p\u00e4\u00e4osin Perf -festivaalilla Porissa ja Perfo &hellip;<\/p>\n","protected":false},"author":13,"featured_media":0,"parent":0,"menu_order":0,"comment_status":"closed","ping_status":"closed","template":"","meta":{"footnotes":""},"class_list":["post-141885","page","type-page","status-publish","hentry"],"_links":{"self":[{"href":"https:\/\/tehdasry.fi\/wordpress\/wp-json\/wp\/v2\/pages\/141885","targetHints":{"allow":["GET"]}}],"collection":[{"href":"https:\/\/tehdasry.fi\/wordpress\/wp-json\/wp\/v2\/pages"}],"about":[{"href":"https:\/\/tehdasry.fi\/wordpress\/wp-json\/wp\/v2\/types\/page"}],"author":[{"embeddable":true,"href":"https:\/\/tehdasry.fi\/wordpress\/wp-json\/wp\/v2\/users\/13"}],"replies":[{"embeddable":true,"href":"https:\/\/tehdasry.fi\/wordpress\/wp-json\/wp\/v2\/comments?post=141885"}],"version-history":[{"count":11,"href":"https:\/\/tehdasry.fi\/wordpress\/wp-json\/wp\/v2\/pages\/141885\/revisions"}],"predecessor-version":[{"id":142110,"href":"https:\/\/tehdasry.fi\/wordpress\/wp-json\/wp\/v2\/pages\/141885\/revisions\/142110"}],"wp:attachment":[{"href":"https:\/\/tehdasry.fi\/wordpress\/wp-json\/wp\/v2\/media?parent=141885"}],"curies":[{"name":"wp","href":"https:\/\/api.w.org\/{rel}","templated":true}]}}