{"id":141512,"date":"2023-02-21T23:39:13","date_gmt":"2023-02-21T21:39:13","guid":{"rendered":"https:\/\/tehdasry.fi\/wordpress\/?page_id=141512"},"modified":"2025-03-15T22:11:28","modified_gmt":"2025-03-15T20:11:28","slug":"fast-show-radioasema","status":"publish","type":"page","link":"https:\/\/tehdasry.fi\/wordpress\/fast-show-radioasema\/","title":{"rendered":"<strong>Fast Show, Radioasema<\/strong>"},"content":{"rendered":"\n<figure class=\"wp-block-image size-full\"><img loading=\"lazy\" decoding=\"async\" width=\"468\" height=\"312\" src=\"https:\/\/tehdasry.fi\/wordpress\/wp-content\/uploads\/2022\/07\/bfa6cc819e39a6a861a0c1cc05131bae.jpg\" alt=\"\" class=\"wp-image-141419\" srcset=\"https:\/\/tehdasry.fi\/wordpress\/wp-content\/uploads\/2022\/07\/bfa6cc819e39a6a861a0c1cc05131bae.jpg 468w, https:\/\/tehdasry.fi\/wordpress\/wp-content\/uploads\/2022\/07\/bfa6cc819e39a6a861a0c1cc05131bae-300x200.jpg 300w, https:\/\/tehdasry.fi\/wordpress\/wp-content\/uploads\/2022\/07\/bfa6cc819e39a6a861a0c1cc05131bae-391x260.jpg 391w, https:\/\/tehdasry.fi\/wordpress\/wp-content\/uploads\/2022\/07\/bfa6cc819e39a6a861a0c1cc05131bae-450x300.jpg 450w\" sizes=\"auto, (max-width: 468px) 100vw, 468px\" \/><\/figure>\n\n\n\n<div style=\"height:25px\" aria-hidden=\"true\" class=\"wp-block-spacer\"><\/div>\n\n\n\n<p><strong>Galleria konsepti<\/strong><\/p>\n\n\n\n<p>Yhdistys aloitti 2021 uuden n\u00e4yttelykonseptin. Uusissa tiloissa toimii nyt testigalleria otsikolla T.E.H.D.A.S. Fast Show. Kyseess\u00e4 on matalan kynnyksen joustava n\u00e4yttelytila. Tila palvelee ensisijaisesti kuvataiteilijoiden ty\u00f6skentely\u00e4. Se mahdollistaa ty\u00f6n alla olevien projektien testaamisen ja ty\u00f6st\u00e4misen laadukkaassa n\u00e4yttelytilassa ilman taloudellista riski\u00e4. T.E.H.D.A.S. ry on panostanut n\u00e4yttelytekniikkaan ja pyrkii jatkuvasti kasvattamaan tilojen k\u00e4ytt\u00f6astetta tarjoamalla tilaa aiempaa laajemman tekij\u00e4joukon k\u00e4ytt\u00f6\u00f6n. Yhdistyksen ty\u00f6v\u00e4lineet ja -tilat sek\u00e4 tarvittava esitystekniikka ovat taiteilijoiden k\u00e4ytett\u00e4viss\u00e4 ilman korvausta. Fast Show -konseptissa edellytet\u00e4\u00e4n tilan olevan avoinna my\u00f6s yleis\u00f6lle vaikka vain lyhyesti. Yhdistys hy\u00f6dynt\u00e4\u00e4 konseptia my\u00f6s osana omaa taiteellista tuotantoaan. J\u00e4senist\u00f6lle suunnattujen ty\u00f6pajojen ja testin\u00e4yttelyiden avulla tuotetaan suunnitelmia ja materiaalia 2023 sek\u00e4 kes\u00e4n\u00e4yttely\u00e4 ett\u00e4 20-vuotis kirjahanketta varten. T.E.H.D.A.S. ry tiedottaa jatkossa aiempaa laajemmalle mahdollisuudesta j\u00e4rjest\u00e4\u00e4 Fast Show n\u00e4yttelyit\u00e4 ja pyrkii jatkossa tarjoamaan n\u00e4yttelyn valvonnan osana radioasemalle ty\u00f6llistett\u00e4vien henkil\u00f6iden ty\u00f6nkuvaa.<\/p>\n","protected":false},"excerpt":{"rendered":"<p>Galleria konsepti Yhdistys aloitti 2021 uuden n\u00e4yttelykonseptin. Uusissa tiloissa toimii nyt testigalleria otsikolla T.E.H.D.A.S. Fast Show. Kyseess\u00e4 on matalan kynnyksen joustava n\u00e4yttelytila. Tila palvelee ensisijaisesti kuvataiteilijoiden ty\u00f6skentely\u00e4. Se mahdollistaa ty\u00f6n &hellip;<\/p>\n","protected":false},"author":13,"featured_media":0,"parent":0,"menu_order":0,"comment_status":"closed","ping_status":"closed","template":"","meta":{"footnotes":""},"class_list":["post-141512","page","type-page","status-publish","hentry"],"_links":{"self":[{"href":"https:\/\/tehdasry.fi\/wordpress\/wp-json\/wp\/v2\/pages\/141512","targetHints":{"allow":["GET"]}}],"collection":[{"href":"https:\/\/tehdasry.fi\/wordpress\/wp-json\/wp\/v2\/pages"}],"about":[{"href":"https:\/\/tehdasry.fi\/wordpress\/wp-json\/wp\/v2\/types\/page"}],"author":[{"embeddable":true,"href":"https:\/\/tehdasry.fi\/wordpress\/wp-json\/wp\/v2\/users\/13"}],"replies":[{"embeddable":true,"href":"https:\/\/tehdasry.fi\/wordpress\/wp-json\/wp\/v2\/comments?post=141512"}],"version-history":[{"count":7,"href":"https:\/\/tehdasry.fi\/wordpress\/wp-json\/wp\/v2\/pages\/141512\/revisions"}],"predecessor-version":[{"id":141876,"href":"https:\/\/tehdasry.fi\/wordpress\/wp-json\/wp\/v2\/pages\/141512\/revisions\/141876"}],"wp:attachment":[{"href":"https:\/\/tehdasry.fi\/wordpress\/wp-json\/wp\/v2\/media?parent=141512"}],"curies":[{"name":"wp","href":"https:\/\/api.w.org\/{rel}","templated":true}]}}