{"id":140890,"date":"2019-08-11T21:33:32","date_gmt":"2019-08-11T18:33:32","guid":{"rendered":"http:\/\/tehdasry.fi\/wordpress\/?page_id=140890"},"modified":"2025-03-17T00:09:57","modified_gmt":"2025-03-16T22:09:57","slug":"deutsch","status":"publish","type":"page","link":"https:\/\/tehdasry.fi\/wordpress\/deutsch\/","title":{"rendered":"Deutsch"},"content":{"rendered":"\n<figure class=\"wp-block-image size-medium\"><img loading=\"lazy\" decoding=\"async\" width=\"300\" height=\"220\" src=\"https:\/\/tehdasry.fi\/wordpress\/wp-content\/uploads\/2025\/02\/dadanalle3-300x220.jpg\" alt=\"\" class=\"wp-image-141843\" srcset=\"https:\/\/tehdasry.fi\/wordpress\/wp-content\/uploads\/2025\/02\/dadanalle3-300x220.jpg 300w, https:\/\/tehdasry.fi\/wordpress\/wp-content\/uploads\/2025\/02\/dadanalle3-1024x750.jpg 1024w, https:\/\/tehdasry.fi\/wordpress\/wp-content\/uploads\/2025\/02\/dadanalle3-1536x1125.jpg 1536w, https:\/\/tehdasry.fi\/wordpress\/wp-content\/uploads\/2025\/02\/dadanalle3-500x366.jpg 500w, https:\/\/tehdasry.fi\/wordpress\/wp-content\/uploads\/2025\/02\/dadanalle3-800x586.jpg 800w, https:\/\/tehdasry.fi\/wordpress\/wp-content\/uploads\/2025\/02\/dadanalle3-1280x937.jpg 1280w, https:\/\/tehdasry.fi\/wordpress\/wp-content\/uploads\/2025\/02\/dadanalle3-410x300.jpg 410w, https:\/\/tehdasry.fi\/wordpress\/wp-content\/uploads\/2025\/02\/dadanalle3.jpg 1748w\" sizes=\"auto, (max-width: 300px) 100vw, 300px\" \/><\/figure>\n\n\n\n<div style=\"height:27px\" aria-hidden=\"true\" class=\"wp-block-spacer\"><\/div>\n\n\n\n<p>T.E.H.D.A.S. ist eine K\u00fcnstlergruppe, eine Produktionsplattform, ein anonymes offenes Kollektiv und eine Vereinigung. T.E.H.D.A.S. Das Unternehmen hat seine Basis im weichen Untergrund der finnischen Kulturlandschaft in der Stadt Pori im Herzen eines alten Kurzwellensenders eingerichtet.Das amorphe Kollektiv besteht seit fast zwei Jahrzehnten aus wechselnden Konfigurationen multidisziplin\u00e4rer K\u00fcnstler, die Performance-Festivals, Kunstausstellungen, einen Skulpturenpark und unz\u00e4hlige Veranstaltungen und Aktionen hervorbringen. T.E.H.D.A.S. \u00fcbertr\u00e4gt eine st\u00e4ndig wechselnde Kakophonie von Stimmen, die zusammenkommen und Signale von Harmonie, Anarchie und den sanften und dunklen T\u00f6nen des Dadajazz aussenden, der aus den kreativen S\u00e4ften sch\u00f6pft, die aus dem kollektiven Unterbewusstsein seines Kollektivs gepresst werden. Wir sind ein Kollektiv.&nbsp;Wir sind T.E.H.D.A.S.<\/p>\n","protected":false},"excerpt":{"rendered":"<p>T.E.H.D.A.S. ist eine K\u00fcnstlergruppe, eine Produktionsplattform, ein anonymes offenes Kollektiv und eine Vereinigung. T.E.H.D.A.S. Das Unternehmen hat seine Basis im weichen Untergrund der finnischen Kulturlandschaft in der Stadt Pori im &hellip;<\/p>\n","protected":false},"author":13,"featured_media":0,"parent":0,"menu_order":0,"comment_status":"closed","ping_status":"closed","template":"","meta":{"footnotes":""},"class_list":["post-140890","page","type-page","status-publish","hentry"],"_links":{"self":[{"href":"https:\/\/tehdasry.fi\/wordpress\/wp-json\/wp\/v2\/pages\/140890","targetHints":{"allow":["GET"]}}],"collection":[{"href":"https:\/\/tehdasry.fi\/wordpress\/wp-json\/wp\/v2\/pages"}],"about":[{"href":"https:\/\/tehdasry.fi\/wordpress\/wp-json\/wp\/v2\/types\/page"}],"author":[{"embeddable":true,"href":"https:\/\/tehdasry.fi\/wordpress\/wp-json\/wp\/v2\/users\/13"}],"replies":[{"embeddable":true,"href":"https:\/\/tehdasry.fi\/wordpress\/wp-json\/wp\/v2\/comments?post=140890"}],"version-history":[{"count":4,"href":"https:\/\/tehdasry.fi\/wordpress\/wp-json\/wp\/v2\/pages\/140890\/revisions"}],"predecessor-version":[{"id":142017,"href":"https:\/\/tehdasry.fi\/wordpress\/wp-json\/wp\/v2\/pages\/140890\/revisions\/142017"}],"wp:attachment":[{"href":"https:\/\/tehdasry.fi\/wordpress\/wp-json\/wp\/v2\/media?parent=140890"}],"curies":[{"name":"wp","href":"https:\/\/api.w.org\/{rel}","templated":true}]}}