{"id":139718,"date":"2016-09-15T14:08:12","date_gmt":"2016-09-15T11:08:12","guid":{"rendered":"http:\/\/tehdasry.fi\/wordpress\/?page_id=139718"},"modified":"2025-03-16T21:57:48","modified_gmt":"2025-03-16T19:57:48","slug":"das-kluppe","status":"publish","type":"page","link":"https:\/\/tehdasry.fi\/wordpress\/das-kluppe\/","title":{"rendered":"Das Kluppe"},"content":{"rendered":"<div class=\"_2qgs\">\n<div id=\"id_58d042a4edf1e6904147320\" class=\"text_exposed_root text_exposed\">\n<p>&nbsp;<\/p>\n<\/div>\n<\/div>\n<p><img loading=\"lazy\" decoding=\"async\" class=\"alignnone size-large wp-image-139716\" src=\"https:\/\/tehdasry.fi\/wordpress\/wp-content\/uploads\/2016\/09\/das_kluppe-1024x651.jpg\" alt=\"\" width=\"540\" height=\"343\" srcset=\"https:\/\/tehdasry.fi\/wordpress\/wp-content\/uploads\/2016\/09\/das_kluppe-1024x651.jpg 1024w, https:\/\/tehdasry.fi\/wordpress\/wp-content\/uploads\/2016\/09\/das_kluppe-300x191.jpg 300w, https:\/\/tehdasry.fi\/wordpress\/wp-content\/uploads\/2016\/09\/das_kluppe.jpg 2048w\" sizes=\"auto, (max-width: 540px) 100vw, 540px\" \/><\/p>\n<p>Das Kluppe on klubi!<br \/>\nKlubi on eri ajatuksia yhteentuova tila.<br \/>\nTila on Pori.<br \/>\nPori on Jussikan yl\u00e4kerta.<br \/>\nYl\u00e4kerta on tilanne.<br \/>\nTilanne on tapahtuma.<br \/>\nTapahtuma on esitys, manifesti, luento, sana, esine tai \u0161okki*.<br \/>\n\u0160okki on reaktio \u00e4killiseen henkiseen iskuun.<br \/>\nIskuun liittyy pyykkipoika.<br \/>\nPyykkipoika on motiivi. <span class=\"text_exposed_show\"><br \/>\nMotiivi on puhdistus.<br \/>\nPuhdistus on lika, aivopesu ja kommunikaatio.<br \/>\nKommunikaatio on vapaus.<br \/>\nVapaus on vankila.<br \/>\nVankila on.<\/span><\/p>\n<p>&nbsp;<\/p>\n<p>Das Kluppe on T.E.H.D.A.S. ja NYTE ry:n yhteisty\u00f6ss\u00e4 j\u00e4rjest\u00e4m\u00e4 klubi.<\/p>\n<p>Kuvia l\u00f6ytyy t\u00e4\u00e4lt\u00e4:\u00a0<a href=\"https:\/\/www.flickr.com\/photos\/138905477@N03\/albums\" target=\"_blank\" rel=\"noopener\">https:\/\/www.flickr.com\/photos\/138905477@N03<\/a><\/p>\n<p>&nbsp;<\/p>\n<p><strong>Historia:<\/strong><\/p>\n<p><a href=\"https:\/\/tehdasry.fi\/wordpress\/2016\/12\/04\/das-kluppe-itsenaisyyspaiva\/\" target=\"_blank\" rel=\"noopener\">Das Kluppe &#8211; Itsen\u00e4isyysp\u00e4iv\u00e4, 6.12.2016<\/a><\/p>\n<p><a href=\"https:\/\/tehdasry.fi\/wordpress\/2016\/09\/23\/das-kluppe-manifesti\/\" target=\"_blank\" rel=\"noopener\">Das Kluppe &#8211; Manifesti, 30.9.2016<\/a><\/p>\n<p><a href=\"https:\/\/tehdasry.fi\/wordpress\/2016\/05\/25\/vol-1-puhdas-lika\/\" target=\"_blank\" rel=\"noopener\">Das Kluppe &#8211; Puhdas\/Lika, 25.5.2016<\/a><\/p>\n<h5 class=\"entry-title\"><\/h5>\n<p>&nbsp;<\/p>\n<p><img loading=\"lazy\" decoding=\"async\" class=\"alignnone size-full wp-image-139719\" src=\"https:\/\/tehdasry.fi\/wordpress\/wp-content\/uploads\/2016\/09\/bar_jussikka.jpg\" alt=\" Bar Jussikka\" width=\"960\" height=\"574\" srcset=\"https:\/\/tehdasry.fi\/wordpress\/wp-content\/uploads\/2016\/09\/bar_jussikka.jpg 960w, https:\/\/tehdasry.fi\/wordpress\/wp-content\/uploads\/2016\/09\/bar_jussikka-300x179.jpg 300w\" sizes=\"auto, (max-width: 960px) 100vw, 960px\" \/><\/p>\n<p>Bar Jussikka:\u00a0<a href=\"https:\/\/www.facebook.com\/Bar-Jussikka-224787354357813\/\">https:\/\/www.facebook.com\/Bar-Jussikka-224787354357813\/<\/a><\/p>\n","protected":false},"excerpt":{"rendered":"<p>&nbsp; Das Kluppe on klubi! Klubi on eri ajatuksia yhteentuova tila. Tila on Pori. Pori on Jussikan yl\u00e4kerta. Yl\u00e4kerta on tilanne. Tilanne on tapahtuma. Tapahtuma on esitys, manifesti, luento, sana, &hellip;<\/p>\n","protected":false},"author":13,"featured_media":0,"parent":0,"menu_order":0,"comment_status":"closed","ping_status":"closed","template":"","meta":{"footnotes":""},"class_list":["post-139718","page","type-page","status-publish","hentry"],"_links":{"self":[{"href":"https:\/\/tehdasry.fi\/wordpress\/wp-json\/wp\/v2\/pages\/139718","targetHints":{"allow":["GET"]}}],"collection":[{"href":"https:\/\/tehdasry.fi\/wordpress\/wp-json\/wp\/v2\/pages"}],"about":[{"href":"https:\/\/tehdasry.fi\/wordpress\/wp-json\/wp\/v2\/types\/page"}],"author":[{"embeddable":true,"href":"https:\/\/tehdasry.fi\/wordpress\/wp-json\/wp\/v2\/users\/13"}],"replies":[{"embeddable":true,"href":"https:\/\/tehdasry.fi\/wordpress\/wp-json\/wp\/v2\/comments?post=139718"}],"version-history":[{"count":18,"href":"https:\/\/tehdasry.fi\/wordpress\/wp-json\/wp\/v2\/pages\/139718\/revisions"}],"predecessor-version":[{"id":140227,"href":"https:\/\/tehdasry.fi\/wordpress\/wp-json\/wp\/v2\/pages\/139718\/revisions\/140227"}],"wp:attachment":[{"href":"https:\/\/tehdasry.fi\/wordpress\/wp-json\/wp\/v2\/media?parent=139718"}],"curies":[{"name":"wp","href":"https:\/\/api.w.org\/{rel}","templated":true}]}}