{"id":139456,"date":"2016-02-25T11:50:52","date_gmt":"2016-02-25T09:50:52","guid":{"rendered":"http:\/\/tehdasry.fi\/wordpress\/?page_id=139456"},"modified":"2025-03-16T22:01:46","modified_gmt":"2025-03-16T20:01:46","slug":"mehu","status":"publish","type":"page","link":"https:\/\/tehdasry.fi\/wordpress\/mehu\/","title":{"rendered":"MeHu"},"content":{"rendered":"\n<p>Mediataiteen huippuosaamisyksikk\u00f6 MeHu on T.E.H.D.A.S. ry:n sis\u00e4ll\u00e4 toimiva mediataiteen tuotantoryhm\u00e4. MeHu toimii kollektiivisen ja yksil\u00f6llisen rajapinnassa. Anonyymin ryhm\u00e4ty\u00f6skentelyn rinnalla se pyrkii luomaan rakenteita jotka tukevat my\u00f6s yksil\u00f6taiteilijan tuotantotarpeita. MeHu kokoaa yhteen yhdistyksen sis\u00e4ll\u00e4 mediataiteen parissa aktiivisesti toimivat taiteilijat, on rakenteeltaan avoin ja hierarkiaton.<\/p>\n\n\n\n<div style=\"height:29px\" aria-hidden=\"true\" class=\"wp-block-spacer\"><\/div>\n\n\n\n<figure class=\"wp-block-embed is-type-video is-provider-youtube wp-block-embed-youtube wp-embed-aspect-16-9 wp-has-aspect-ratio\"><div class=\"wp-block-embed__wrapper\">\n<iframe loading=\"lazy\" title=\"space1 1 testi01\" width=\"659\" height=\"371\" src=\"https:\/\/www.youtube.com\/embed\/lClHz3aIdXQ?feature=oembed\" frameborder=\"0\" allow=\"accelerometer; autoplay; clipboard-write; encrypted-media; gyroscope; picture-in-picture; web-share\" referrerpolicy=\"strict-origin-when-cross-origin\" allowfullscreen><\/iframe>\n<\/div><\/figure>\n","protected":false},"excerpt":{"rendered":"<p>Mediataiteen huippuosaamisyksikk\u00f6 MeHu on T.E.H.D.A.S. ry:n sis\u00e4ll\u00e4 toimiva mediataiteen tuotantoryhm\u00e4. MeHu toimii kollektiivisen ja yksil\u00f6llisen rajapinnassa. Anonyymin ryhm\u00e4ty\u00f6skentelyn rinnalla se pyrkii luomaan rakenteita jotka tukevat my\u00f6s yksil\u00f6taiteilijan tuotantotarpeita. MeHu kokoaa &hellip;<\/p>\n","protected":false},"author":13,"featured_media":0,"parent":0,"menu_order":0,"comment_status":"closed","ping_status":"closed","template":"","meta":{"footnotes":""},"class_list":["post-139456","page","type-page","status-publish","hentry"],"_links":{"self":[{"href":"https:\/\/tehdasry.fi\/wordpress\/wp-json\/wp\/v2\/pages\/139456","targetHints":{"allow":["GET"]}}],"collection":[{"href":"https:\/\/tehdasry.fi\/wordpress\/wp-json\/wp\/v2\/pages"}],"about":[{"href":"https:\/\/tehdasry.fi\/wordpress\/wp-json\/wp\/v2\/types\/page"}],"author":[{"embeddable":true,"href":"https:\/\/tehdasry.fi\/wordpress\/wp-json\/wp\/v2\/users\/13"}],"replies":[{"embeddable":true,"href":"https:\/\/tehdasry.fi\/wordpress\/wp-json\/wp\/v2\/comments?post=139456"}],"version-history":[{"count":5,"href":"https:\/\/tehdasry.fi\/wordpress\/wp-json\/wp\/v2\/pages\/139456\/revisions"}],"predecessor-version":[{"id":142008,"href":"https:\/\/tehdasry.fi\/wordpress\/wp-json\/wp\/v2\/pages\/139456\/revisions\/142008"}],"wp:attachment":[{"href":"https:\/\/tehdasry.fi\/wordpress\/wp-json\/wp\/v2\/media?parent=139456"}],"curies":[{"name":"wp","href":"https:\/\/api.w.org\/{rel}","templated":true}]}}