{"id":109299,"date":"2013-10-05T16:30:28","date_gmt":"2013-10-05T13:30:28","guid":{"rendered":"http:\/\/www.tehdasry.fi\/home\/?page_id=109299"},"modified":"2025-03-16T22:14:34","modified_gmt":"2025-03-16T20:14:34","slug":"sound-laboratory","status":"publish","type":"page","link":"https:\/\/tehdasry.fi\/wordpress\/sound-laboratory\/","title":{"rendered":"Sound Laboratory"},"content":{"rendered":"\n<p><strong>\u00c4\u00e4nilaboratorio \u2013 audiovisuaalisten rajaseutujen tutkimusmatka<\/strong><\/p>\n\n\n\n<p>Projektin tarkoituksena on j\u00e4rjest\u00e4\u00e4 tila ja laitteistot, ker\u00e4t\u00e4 \u00e4\u00e4ni- ja kuvataiteen toimijoita sek\u00e4 muita asiasta kiinnostuneita toteuttamaan kuvan ja \u00e4\u00e4nen yhteisty\u00f6t\u00e4 kokeilevien, esityksellisien kokoontumisten sarjana alkaen syksyst\u00e4 2013. P\u00e4\u00e4asiallisena ideana on pyrki\u00e4 kehitt\u00e4m\u00e4\u00e4n uudenlaisia, vapaamuotoisia ja perinteist\u00e4 orkesterisoitantaa rikkovia tapoja esitt\u00e4\u00e4 musiikkia yhdistettyn\u00e4 el\u00e4v\u00e4\u00e4n, osittain soittotilanteessa luotavaan, kuvaan.<\/p>\n\n\n\n<p>Perinteisin soittimin sek\u00e4 koneellisesti tuotetut \u00e4\u00e4nimaisemat ja kuvamateriaali pyrit\u00e4\u00e4n saamaan el\u00e4m\u00e4\u00e4n symbioosissa kesken\u00e4\u00e4n tasavertaisina, tarkoituksena luoda elokuvallista ilmaisua imitoiva konsertti, jossa jokainen osallistuja luo oman osasensa \u00e4\u00e4niraidasta riippumattomana muista.<\/p>\n\n\n\n<div style=\"height:32px\" aria-hidden=\"true\" class=\"wp-block-spacer\"><\/div>\n\n\n\n<p><strong>\u00c4\u00e4nilabra @ Live stream from 42h Ambient Festival @ Pori, Finland, 25-27.11.2016<\/strong><\/p>\n\n\n\n<p>Plugi and T.E.H.D.A.S. live.<\/p>\n\n\n\n<figure class=\"wp-block-embed is-type-video is-provider-youtube wp-block-embed-youtube wp-embed-aspect-16-9 wp-has-aspect-ratio\"><div class=\"wp-block-embed__wrapper\">\n<iframe loading=\"lazy\" title=\"42H AMBIENT FESTIVAL - Sound Laboratory\" width=\"659\" height=\"371\" src=\"https:\/\/www.youtube.com\/embed\/C8eTUD907n4?start=7816&#038;feature=oembed\" frameborder=\"0\" allow=\"accelerometer; autoplay; clipboard-write; encrypted-media; gyroscope; picture-in-picture; web-share\" referrerpolicy=\"strict-origin-when-cross-origin\" allowfullscreen><\/iframe>\n<\/div><\/figure>\n\n\n\n<div style=\"height:47px\" aria-hidden=\"true\" class=\"wp-block-spacer\"><\/div>\n\n\n\n<p><strong>LIVE Ambient Festival: Radiotalo 20.2. \u2013 22.2.2015&nbsp;<\/strong><\/p>\n\n\n\n<p>Pieni video tapahtumasta. Yhteisty\u00f6 PLUGI ja T.E.H.D.A.S.<\/p>\n\n\n\n<p><iframe loading=\"lazy\" src=\"\/\/player.vimeo.com\/video\/120397295\" width=\"500\" height=\"375\" frameborder=\"0\" allowfullscreen=\"allowfullscreen\"><\/iframe><\/p>\n","protected":false},"excerpt":{"rendered":"<p>\u00c4\u00e4nilaboratorio \u2013 audiovisuaalisten rajaseutujen tutkimusmatka Projektin tarkoituksena on j\u00e4rjest\u00e4\u00e4 tila ja laitteistot, ker\u00e4t\u00e4 \u00e4\u00e4ni- ja kuvataiteen toimijoita sek\u00e4 muita asiasta kiinnostuneita toteuttamaan kuvan ja \u00e4\u00e4nen yhteisty\u00f6t\u00e4 kokeilevien, esityksellisien kokoontumisten sarjana &hellip;<\/p>\n","protected":false},"author":1,"featured_media":0,"parent":0,"menu_order":0,"comment_status":"closed","ping_status":"closed","template":"","meta":{"footnotes":""},"class_list":["post-109299","page","type-page","status-publish","hentry"],"_links":{"self":[{"href":"https:\/\/tehdasry.fi\/wordpress\/wp-json\/wp\/v2\/pages\/109299","targetHints":{"allow":["GET"]}}],"collection":[{"href":"https:\/\/tehdasry.fi\/wordpress\/wp-json\/wp\/v2\/pages"}],"about":[{"href":"https:\/\/tehdasry.fi\/wordpress\/wp-json\/wp\/v2\/types\/page"}],"author":[{"embeddable":true,"href":"https:\/\/tehdasry.fi\/wordpress\/wp-json\/wp\/v2\/users\/1"}],"replies":[{"embeddable":true,"href":"https:\/\/tehdasry.fi\/wordpress\/wp-json\/wp\/v2\/comments?post=109299"}],"version-history":[{"count":5,"href":"https:\/\/tehdasry.fi\/wordpress\/wp-json\/wp\/v2\/pages\/109299\/revisions"}],"predecessor-version":[{"id":142013,"href":"https:\/\/tehdasry.fi\/wordpress\/wp-json\/wp\/v2\/pages\/109299\/revisions\/142013"}],"wp:attachment":[{"href":"https:\/\/tehdasry.fi\/wordpress\/wp-json\/wp\/v2\/media?parent=109299"}],"curies":[{"name":"wp","href":"https:\/\/api.w.org\/{rel}","templated":true}]}}